{"id":2966,"date":"2025-05-20T08:54:49","date_gmt":"2025-05-20T06:54:49","guid":{"rendered":"https:\/\/resonanz-valley.org\/?page_id=2966"},"modified":"2025-06-03T10:13:05","modified_gmt":"2025-06-03T08:13:05","slug":"seminars-in-presence","status":"publish","type":"page","link":"https:\/\/resonanz-valley.org\/en\/seminars-in-presence\/","title":{"rendered":"Seminars in presence"},"content":{"rendered":"<div data-elementor-type=\"wp-page\" data-elementor-id=\"2966\" class=\"elementor elementor-2966\" data-elementor-post-type=\"page\">\n\t\t\t\t\t\t<section class=\"elementor-section elementor-top-section elementor-element elementor-element-1b8f77c elementor-section-height-min-height elementor-section-boxed elementor-section-height-default elementor-section-items-middle\" data-id=\"1b8f77c\" data-element_type=\"section\" data-e-type=\"section\" data-settings=\"{&quot;background_background&quot;:&quot;classic&quot;}\">\n\t\t\t\t\t\t<div class=\"elementor-container elementor-column-gap-default\">\n\t\t\t\t\t<div class=\"elementor-column elementor-col-100 elementor-top-column elementor-element elementor-element-4fa0fd0\" data-id=\"4fa0fd0\" data-element_type=\"column\" data-e-type=\"column\">\n\t\t\t<div class=\"elementor-widget-wrap\">\n\t\t\t\t\t\t\t<\/div>\n\t\t<\/div>\n\t\t\t\t\t<\/div>\n\t\t<\/section>\n\t\t\t\t<section class=\"elementor-section elementor-top-section elementor-element elementor-element-ea6d652 elementor-section-boxed elementor-section-height-default elementor-section-height-default\" data-id=\"ea6d652\" data-element_type=\"section\" data-e-type=\"section\">\n\t\t\t\t\t\t<div class=\"elementor-container elementor-column-gap-default\">\n\t\t\t\t\t<div class=\"elementor-column elementor-col-100 elementor-top-column elementor-element elementor-element-4431435\" data-id=\"4431435\" data-element_type=\"column\" data-e-type=\"column\">\n\t\t\t<div class=\"elementor-widget-wrap elementor-element-populated\">\n\t\t\t\t\t\t<div class=\"elementor-element elementor-element-0de5402 elementor-widget elementor-widget-heading\" data-id=\"0de5402\" data-element_type=\"widget\" data-e-type=\"widget\" data-widget_type=\"heading.default\">\n\t\t\t\t<div class=\"elementor-widget-container\">\n\t\t\t\t\t<h2 class=\"elementor-heading-title elementor-size-default\">Face-to-face seminars -\nLearning from experience, growing together<\/h2>\t\t\t\t<\/div>\n\t\t\t\t<\/div>\n\t\t\t\t<div class=\"elementor-element elementor-element-9c4187a elementor-widget elementor-widget-text-editor\" data-id=\"9c4187a\" data-element_type=\"widget\" data-e-type=\"widget\" data-widget_type=\"text-editor.default\">\n\t\t\t\t<div class=\"elementor-widget-container\">\n\t\t\t\t\t\t\t\t\t<p><strong>\u00a0We have been supporting teachers, educators, children and parents in their everyday educational lives for over 50 years<\/strong> - with heart, mind and in-depth experience. Our face-to-face seminars offer practical support and new impetus for all those working in schools and education.<\/p><p>Especially when dealing with <strong>challenging classroom situations<\/strong>We have well-founded expertise in dealing with children from diverse cultural backgrounds and conspicuous behavior - gained through many years of work at hotspot schools with up to nine cultures per class.<\/p><p><strong>Whether in a college, in educational teams or directly with children - our seminars create space for exchange, strengthening and concrete solutions in direct cooperation.<\/strong><\/p>\t\t\t\t\t\t\t\t<\/div>\n\t\t\t\t<\/div>\n\t\t\t\t<div class=\"elementor-element elementor-element-93fda88 elementor-widget elementor-widget-button\" data-id=\"93fda88\" data-element_type=\"widget\" data-e-type=\"widget\" data-widget_type=\"button.default\">\n\t\t\t\t<div class=\"elementor-widget-container\">\n\t\t\t\t\t\t\t\t\t<div class=\"elementor-button-wrapper\">\n\t\t\t\t\t<a class=\"elementor-button elementor-button-link elementor-size-sm\" href=\"https:\/\/resonanz-valley.org\/en\/the-kutschera-resonance-method\/\" target=\"_blank\">\n\t\t\t\t\t\t<span class=\"elementor-button-content-wrapper\">\n\t\t\t\t\t\t<span class=\"elementor-button-icon\">\n\t\t\t\t<i aria-hidden=\"true\" class=\"fas fa-long-arrow-alt-right\"><\/i>\t\t\t<\/span>\n\t\t\t\t\t\t\t\t\t<span class=\"elementor-button-text\">Find out more about our approaches and methods<\/span>\n\t\t\t\t\t<\/span>\n\t\t\t\t\t<\/a>\n\t\t\t\t<\/div>\n\t\t\t\t\t\t\t\t<\/div>\n\t\t\t\t<\/div>\n\t\t\t\t<div class=\"elementor-element elementor-element-c9b5d35 elementor-widget elementor-widget-button\" data-id=\"c9b5d35\" data-element_type=\"widget\" data-e-type=\"widget\" data-widget_type=\"button.default\">\n\t\t\t\t<div class=\"elementor-widget-container\">\n\t\t\t\t\t\t\t\t\t<div class=\"elementor-button-wrapper\">\n\t\t\t\t\t<a class=\"elementor-button elementor-button-link elementor-size-sm\" href=\"mailto:office@resonanz-valley.org\" target=\"_blank\">\n\t\t\t\t\t\t<span class=\"elementor-button-content-wrapper\">\n\t\t\t\t\t\t\t\t\t<span class=\"elementor-button-text\">Send request<\/span>\n\t\t\t\t\t<\/span>\n\t\t\t\t\t<\/a>\n\t\t\t\t<\/div>\n\t\t\t\t\t\t\t\t<\/div>\n\t\t\t\t<\/div>\n\t\t\t\t\t<\/div>\n\t\t<\/div>\n\t\t\t\t\t<\/div>\n\t\t<\/section>\n\t\t\t\t<section class=\"elementor-section elementor-top-section elementor-element elementor-element-c7eed4f elementor-section-boxed elementor-section-height-default elementor-section-height-default\" data-id=\"c7eed4f\" data-element_type=\"section\" data-e-type=\"section\">\n\t\t\t\t\t\t<div class=\"elementor-container elementor-column-gap-default\">\n\t\t\t\t\t<div class=\"elementor-column elementor-col-100 elementor-top-column elementor-element elementor-element-a33e5ef\" data-id=\"a33e5ef\" data-element_type=\"column\" data-e-type=\"column\">\n\t\t\t<div class=\"elementor-widget-wrap elementor-element-populated\">\n\t\t\t\t\t\t<div class=\"elementor-element elementor-element-77f893d elementor-widget elementor-widget-heading\" data-id=\"77f893d\" data-element_type=\"widget\" data-e-type=\"widget\" data-widget_type=\"heading.default\">\n\t\t\t\t<div class=\"elementor-widget-container\">\n\t\t\t\t\t<h2 class=\"elementor-heading-title elementor-size-default\">Our seminars for students<\/h2>\t\t\t\t<\/div>\n\t\t\t\t<\/div>\n\t\t\t\t<div class=\"elementor-element elementor-element-446d988 elementor-grid-2 elementor-grid-tablet-2 elementor-grid-mobile-1 elementor-posts--thumbnail-top elementor-widget elementor-widget-posts\" data-id=\"446d988\" data-element_type=\"widget\" data-e-type=\"widget\" data-settings=\"{&quot;classic_columns&quot;:&quot;2&quot;,&quot;classic_columns_tablet&quot;:&quot;2&quot;,&quot;classic_columns_mobile&quot;:&quot;1&quot;,&quot;classic_row_gap&quot;:{&quot;unit&quot;:&quot;px&quot;,&quot;size&quot;:35,&quot;sizes&quot;:[]},&quot;classic_row_gap_tablet&quot;:{&quot;unit&quot;:&quot;px&quot;,&quot;size&quot;:&quot;&quot;,&quot;sizes&quot;:[]},&quot;classic_row_gap_mobile&quot;:{&quot;unit&quot;:&quot;px&quot;,&quot;size&quot;:&quot;&quot;,&quot;sizes&quot;:[]}}\" data-widget_type=\"posts.classic\">\n\t\t\t\t<div class=\"elementor-widget-container\">\n\t\t\t\t\t\t\t<div class=\"elementor-posts-container elementor-posts elementor-posts--skin-classic elementor-grid\">\n\t\t\t\t<article class=\"elementor-post elementor-grid-item post-2996 post type-post status-publish format-standard has-post-thumbnail hentry category-seminare-in-praesenz-kids entry has-media\">\n\t\t\t\t<a class=\"elementor-post__thumbnail__link\" href=\"https:\/\/resonanz-valley.org\/en\/offer-for-children-and-adolescents-cross-cultural-violence-prevention\/\" tabindex=\"-1\" >\n\t\t\t<div class=\"elementor-post__thumbnail\"><img fetchpriority=\"high\" decoding=\"async\" width=\"2560\" height=\"1707\" src=\"https:\/\/resonanz-valley.org\/wp-content\/uploads\/2025\/05\/NEU_Seminar-fuer-Kinder-und-Jugendliche_web-scaled.webp\" class=\"attachment-full size-full wp-image-3042\" alt=\"Seminar for children and young people\" srcset=\"https:\/\/resonanz-valley.org\/wp-content\/uploads\/2025\/05\/NEU_Seminar-fuer-Kinder-und-Jugendliche_web-scaled.webp 2560w, https:\/\/resonanz-valley.org\/wp-content\/uploads\/2025\/05\/NEU_Seminar-fuer-Kinder-und-Jugendliche_web-300x200.webp 300w, https:\/\/resonanz-valley.org\/wp-content\/uploads\/2025\/05\/NEU_Seminar-fuer-Kinder-und-Jugendliche_web-1024x683.webp 1024w, https:\/\/resonanz-valley.org\/wp-content\/uploads\/2025\/05\/NEU_Seminar-fuer-Kinder-und-Jugendliche_web-768x512.webp 768w, https:\/\/resonanz-valley.org\/wp-content\/uploads\/2025\/05\/NEU_Seminar-fuer-Kinder-und-Jugendliche_web-1536x1024.webp 1536w, https:\/\/resonanz-valley.org\/wp-content\/uploads\/2025\/05\/NEU_Seminar-fuer-Kinder-und-Jugendliche_web-2048x1365.webp 2048w, https:\/\/resonanz-valley.org\/wp-content\/uploads\/2025\/05\/NEU_Seminar-fuer-Kinder-und-Jugendliche_web-18x12.webp 18w\" sizes=\"(max-width: 2560px) 100vw, 2560px\" \/><\/div>\n\t\t<\/a>\n\t\t\t\t<div class=\"elementor-post__text\">\n\t\t\t\t<h3 class=\"elementor-post__title\">\n\t\t\t<a href=\"https:\/\/resonanz-valley.org\/en\/offer-for-children-and-adolescents-cross-cultural-violence-prevention\/\" >\n\t\t\t\tSeminar for children and young people - cross-cultural violence prevention\t\t\t<\/a>\n\t\t<\/h3>\n\t\t\t\t<div class=\"elementor-post__excerpt\">\n\t\t\t<p>Democratic action &amp; cross-cultural violence prevention at compulsory schools with integrated promotion of social-emotional skills.<\/p>\n\t\t<\/div>\n\t\t\t\t\t<div class=\"elementor-post__read-more-wrapper\">\n\t\t\n\t\t<a class=\"elementor-post__read-more\" href=\"https:\/\/resonanz-valley.org\/en\/offer-for-children-and-adolescents-cross-cultural-violence-prevention\/\" aria-label=\"Read more about Seminar for children and young people - cross-cultural violence prevention\" tabindex=\"-1\" >\n\t\t\tread more \"\t\t<\/a>\n\n\t\t\t\t\t<\/div>\n\t\t\t\t<\/div>\n\t\t\t\t<\/article>\n\t\t\t\t<article class=\"elementor-post elementor-grid-item post-2992 post type-post status-publish format-standard has-post-thumbnail hentry category-seminare-in-praesenz-kids entry has-media\">\n\t\t\t\t<a class=\"elementor-post__thumbnail__link\" href=\"https:\/\/resonanz-valley.org\/en\/offer-for-children-and-young-people-learning-german-in-compulsory-schools\/\" tabindex=\"-1\" >\n\t\t\t<div class=\"elementor-post__thumbnail\"><img decoding=\"async\" width=\"2560\" height=\"1714\" src=\"https:\/\/resonanz-valley.org\/wp-content\/uploads\/2025\/05\/02_deutschlernen-scaled.jpg\" class=\"attachment-full size-full wp-image-3060\" alt=\"Face-to-face seminars to learn German\" srcset=\"https:\/\/resonanz-valley.org\/wp-content\/uploads\/2025\/05\/02_deutschlernen-scaled.jpg 2560w, https:\/\/resonanz-valley.org\/wp-content\/uploads\/2025\/05\/02_deutschlernen-300x201.jpg 300w, https:\/\/resonanz-valley.org\/wp-content\/uploads\/2025\/05\/02_deutschlernen-1024x685.jpg 1024w, https:\/\/resonanz-valley.org\/wp-content\/uploads\/2025\/05\/02_deutschlernen-768x514.jpg 768w, https:\/\/resonanz-valley.org\/wp-content\/uploads\/2025\/05\/02_deutschlernen-1536x1028.jpg 1536w, https:\/\/resonanz-valley.org\/wp-content\/uploads\/2025\/05\/02_deutschlernen-2048x1371.jpg 2048w, https:\/\/resonanz-valley.org\/wp-content\/uploads\/2025\/05\/02_deutschlernen-18x12.jpg 18w\" sizes=\"(max-width: 2560px) 100vw, 2560px\" \/><\/div>\n\t\t<\/a>\n\t\t\t\t<div class=\"elementor-post__text\">\n\t\t\t\t<h3 class=\"elementor-post__title\">\n\t\t\t<a href=\"https:\/\/resonanz-valley.org\/en\/offer-for-children-and-young-people-learning-german-in-compulsory-schools\/\" >\n\t\t\t\tSeminar for children and young people - Learning German in compulsory schools\t\t\t<\/a>\n\t\t<\/h3>\n\t\t\t\t<div class=\"elementor-post__excerpt\">\n\t\t\t<p>Democratic action and learning German with integrated promotion of social-emotional skills<br \/>\nLearning German strengthens children and young people from kindergarten to senior school.<\/p>\n\t\t<\/div>\n\t\t\t\t\t<div class=\"elementor-post__read-more-wrapper\">\n\t\t\n\t\t<a class=\"elementor-post__read-more\" href=\"https:\/\/resonanz-valley.org\/en\/offer-for-children-and-young-people-learning-german-in-compulsory-schools\/\" aria-label=\"Read more about Seminar for children and young people - Learning German in compulsory schools\" tabindex=\"-1\" >\n\t\t\tread more \"\t\t<\/a>\n\n\t\t\t\t\t<\/div>\n\t\t\t\t<\/div>\n\t\t\t\t<\/article>\n\t\t\t\t<\/div>\n\t\t\n\t\t\t\t\t\t<\/div>\n\t\t\t\t<\/div>\n\t\t\t\t\t<\/div>\n\t\t<\/div>\n\t\t\t\t\t<\/div>\n\t\t<\/section>\n\t\t\t\t<section class=\"elementor-section elementor-top-section elementor-element elementor-element-1d98ef3 elementor-section-boxed elementor-section-height-default elementor-section-height-default\" data-id=\"1d98ef3\" data-element_type=\"section\" data-e-type=\"section\">\n\t\t\t\t\t\t<div class=\"elementor-container elementor-column-gap-default\">\n\t\t\t\t\t<div class=\"elementor-column elementor-col-100 elementor-top-column elementor-element elementor-element-ee4c851\" data-id=\"ee4c851\" data-element_type=\"column\" data-e-type=\"column\">\n\t\t\t<div class=\"elementor-widget-wrap elementor-element-populated\">\n\t\t\t\t\t\t<div class=\"elementor-element elementor-element-7032e36 elementor-widget elementor-widget-heading\" data-id=\"7032e36\" data-element_type=\"widget\" data-e-type=\"widget\" data-widget_type=\"heading.default\">\n\t\t\t\t<div class=\"elementor-widget-container\">\n\t\t\t\t\t<h2 class=\"elementor-heading-title elementor-size-default\">Our seminars for teachers &amp; parents<\/h2>\t\t\t\t<\/div>\n\t\t\t\t<\/div>\n\t\t\t\t<div class=\"elementor-element elementor-element-fcdd3df elementor-grid-2 elementor-posts--align-left elementor-grid-tablet-2 elementor-grid-mobile-1 elementor-posts--thumbnail-top elementor-widget elementor-widget-posts\" data-id=\"fcdd3df\" data-element_type=\"widget\" data-e-type=\"widget\" data-settings=\"{&quot;classic_columns&quot;:&quot;2&quot;,&quot;classic_columns_tablet&quot;:&quot;2&quot;,&quot;classic_columns_mobile&quot;:&quot;1&quot;,&quot;classic_row_gap&quot;:{&quot;unit&quot;:&quot;px&quot;,&quot;size&quot;:35,&quot;sizes&quot;:[]},&quot;classic_row_gap_tablet&quot;:{&quot;unit&quot;:&quot;px&quot;,&quot;size&quot;:&quot;&quot;,&quot;sizes&quot;:[]},&quot;classic_row_gap_mobile&quot;:{&quot;unit&quot;:&quot;px&quot;,&quot;size&quot;:&quot;&quot;,&quot;sizes&quot;:[]}}\" data-widget_type=\"posts.classic\">\n\t\t\t\t<div class=\"elementor-widget-container\">\n\t\t\t\t\t\t\t<div class=\"elementor-posts-container elementor-posts elementor-posts--skin-classic elementor-grid\">\n\t\t\t\t<article class=\"elementor-post elementor-grid-item post-2989 post type-post status-publish format-standard has-post-thumbnail hentry category-seminare-in-praesenz-fuer-erwachsene entry has-media\">\n\t\t\t\t<a class=\"elementor-post__thumbnail__link\" href=\"https:\/\/resonanz-valley.org\/en\/training-for-teachers-stress-management-mindfulness-for-teachers\/\" tabindex=\"-1\" >\n\t\t\t<div class=\"elementor-post__thumbnail\"><img decoding=\"async\" width=\"2560\" height=\"1980\" src=\"https:\/\/resonanz-valley.org\/wp-content\/uploads\/2025\/05\/NEU_Weiterbildung-fuer-Lehrer_web-scaled.webp\" class=\"attachment-full size-full wp-image-3045\" alt=\"Further training for teachers\" srcset=\"https:\/\/resonanz-valley.org\/wp-content\/uploads\/2025\/05\/NEU_Weiterbildung-fuer-Lehrer_web-scaled.webp 2560w, https:\/\/resonanz-valley.org\/wp-content\/uploads\/2025\/05\/NEU_Weiterbildung-fuer-Lehrer_web-300x232.webp 300w, https:\/\/resonanz-valley.org\/wp-content\/uploads\/2025\/05\/NEU_Weiterbildung-fuer-Lehrer_web-1024x792.webp 1024w, https:\/\/resonanz-valley.org\/wp-content\/uploads\/2025\/05\/NEU_Weiterbildung-fuer-Lehrer_web-768x594.webp 768w, https:\/\/resonanz-valley.org\/wp-content\/uploads\/2025\/05\/NEU_Weiterbildung-fuer-Lehrer_web-1536x1188.webp 1536w, https:\/\/resonanz-valley.org\/wp-content\/uploads\/2025\/05\/NEU_Weiterbildung-fuer-Lehrer_web-2048x1584.webp 2048w, https:\/\/resonanz-valley.org\/wp-content\/uploads\/2025\/05\/NEU_Weiterbildung-fuer-Lehrer_web-16x12.webp 16w\" sizes=\"(max-width: 2560px) 100vw, 2560px\" \/><\/div>\n\t\t<\/a>\n\t\t\t\t<div class=\"elementor-post__text\">\n\t\t\t\t<h3 class=\"elementor-post__title\">\n\t\t\t<a href=\"https:\/\/resonanz-valley.org\/en\/training-for-teachers-stress-management-mindfulness-for-teachers\/\" >\n\t\t\t\tFurther training for teachers - stress management &amp; mindfulness for educators\t\t\t<\/a>\n\t\t<\/h3>\n\t\t\t\t<div class=\"elementor-post__excerpt\">\n\t\t\t<p>Teachers find their own inner strength and can remain calm and balanced in stressful and conflict situations.<br \/>\nEducators discover how to lead with joy, clarity and power through the time of growing and learning.<\/p>\n\t\t<\/div>\n\t\t\t\t\t<div class=\"elementor-post__read-more-wrapper\">\n\t\t\n\t\t<a class=\"elementor-post__read-more\" href=\"https:\/\/resonanz-valley.org\/en\/training-for-teachers-stress-management-mindfulness-for-teachers\/\" aria-label=\"Read more about Further training for teachers - stress management &amp; mindfulness for educators\" tabindex=\"-1\" >\n\t\t\tread more \"\t\t<\/a>\n\n\t\t\t\t\t<\/div>\n\t\t\t\t<\/div>\n\t\t\t\t<\/article>\n\t\t\t\t<article class=\"elementor-post elementor-grid-item post-2983 post type-post status-publish format-standard has-post-thumbnail hentry category-seminare-in-praesenz-fuer-erwachsene entry has-media\">\n\t\t\t\t<a class=\"elementor-post__thumbnail__link\" href=\"https:\/\/resonanz-valley.org\/en\/further-training-for-teachers-dealing-with-diversity\/\" tabindex=\"-1\" >\n\t\t\t<div class=\"elementor-post__thumbnail\"><img loading=\"lazy\" decoding=\"async\" width=\"2560\" height=\"1706\" src=\"https:\/\/resonanz-valley.org\/wp-content\/uploads\/2025\/05\/NEU_Umgang-mit-Vielfalt02_web-scaled.webp\" class=\"attachment-full size-full wp-image-3044\" alt=\"Dealing with diversity\" srcset=\"https:\/\/resonanz-valley.org\/wp-content\/uploads\/2025\/05\/NEU_Umgang-mit-Vielfalt02_web-scaled.webp 2560w, https:\/\/resonanz-valley.org\/wp-content\/uploads\/2025\/05\/NEU_Umgang-mit-Vielfalt02_web-300x200.webp 300w, https:\/\/resonanz-valley.org\/wp-content\/uploads\/2025\/05\/NEU_Umgang-mit-Vielfalt02_web-1024x683.webp 1024w, https:\/\/resonanz-valley.org\/wp-content\/uploads\/2025\/05\/NEU_Umgang-mit-Vielfalt02_web-768x512.webp 768w, https:\/\/resonanz-valley.org\/wp-content\/uploads\/2025\/05\/NEU_Umgang-mit-Vielfalt02_web-1536x1024.webp 1536w, https:\/\/resonanz-valley.org\/wp-content\/uploads\/2025\/05\/NEU_Umgang-mit-Vielfalt02_web-2048x1365.webp 2048w, https:\/\/resonanz-valley.org\/wp-content\/uploads\/2025\/05\/NEU_Umgang-mit-Vielfalt02_web-18x12.webp 18w\" sizes=\"(max-width: 2560px) 100vw, 2560px\" \/><\/div>\n\t\t<\/a>\n\t\t\t\t<div class=\"elementor-post__text\">\n\t\t\t\t<h3 class=\"elementor-post__title\">\n\t\t\t<a href=\"https:\/\/resonanz-valley.org\/en\/further-training-for-teachers-dealing-with-diversity\/\" >\n\t\t\t\tFurther training for teachers - dealing with diversity\t\t\t<\/a>\n\t\t<\/h3>\n\t\t\t\t<div class=\"elementor-post__excerpt\">\n\t\t\t<p>Pit and Sabine, Franziska and Georg<br \/>\nEveryone is different - but they are all in my class<br \/>\nDealing with diversity<\/p>\n\t\t<\/div>\n\t\t\t\t\t<div class=\"elementor-post__read-more-wrapper\">\n\t\t\n\t\t<a class=\"elementor-post__read-more\" href=\"https:\/\/resonanz-valley.org\/en\/further-training-for-teachers-dealing-with-diversity\/\" aria-label=\"Read more about Further training for teachers - dealing with diversity\" tabindex=\"-1\" >\n\t\t\tread more \"\t\t<\/a>\n\n\t\t\t\t\t<\/div>\n\t\t\t\t<\/div>\n\t\t\t\t<\/article>\n\t\t\t\t<\/div>\n\t\t\n\t\t\t\t\t\t<\/div>\n\t\t\t\t<\/div>\n\t\t\t\t\t<\/div>\n\t\t<\/div>\n\t\t\t\t\t<\/div>\n\t\t<\/section>\n\t\t\t\t<section class=\"elementor-section elementor-top-section elementor-element elementor-element-635fe00 elementor-section-full_width elementor-section-height-default elementor-section-height-default\" data-id=\"635fe00\" data-element_type=\"section\" data-e-type=\"section\" data-settings=\"{&quot;background_background&quot;:&quot;classic&quot;}\">\n\t\t\t\t\t\t<div class=\"elementor-container elementor-column-gap-default\">\n\t\t\t\t\t<div class=\"elementor-column elementor-col-50 elementor-top-column elementor-element elementor-element-054adff elementor-hidden-mobile\" data-id=\"054adff\" data-element_type=\"column\" data-e-type=\"column\" data-settings=\"{&quot;background_background&quot;:&quot;classic&quot;}\">\n\t\t\t<div class=\"elementor-widget-wrap\">\n\t\t\t\t\t\t\t<\/div>\n\t\t<\/div>\n\t\t\t\t<div class=\"elementor-column elementor-col-50 elementor-top-column elementor-element elementor-element-97e2096\" data-id=\"97e2096\" data-element_type=\"column\" data-e-type=\"column\">\n\t\t\t<div class=\"elementor-widget-wrap elementor-element-populated\">\n\t\t\t\t\t\t<div class=\"elementor-element elementor-element-960749b elementor-widget elementor-widget-heading\" data-id=\"960749b\" data-element_type=\"widget\" data-e-type=\"widget\" data-widget_type=\"heading.default\">\n\t\t\t\t<div class=\"elementor-widget-container\">\n\t\t\t\t\t<h2 class=\"elementor-heading-title elementor-size-default\">Do you still have questions?<\/h2>\t\t\t\t<\/div>\n\t\t\t\t<\/div>\n\t\t\t\t<div class=\"elementor-element elementor-element-d0286c1 elementor-widget elementor-widget-heading\" data-id=\"d0286c1\" data-element_type=\"widget\" data-e-type=\"widget\" data-widget_type=\"heading.default\">\n\t\t\t\t<div class=\"elementor-widget-container\">\n\t\t\t\t\t<h2 class=\"elementor-heading-title elementor-size-default\">Do you have further questions or need additional information?<\/h2>\t\t\t\t<\/div>\n\t\t\t\t<\/div>\n\t\t\t\t<div class=\"elementor-element elementor-element-da4a5b7 elementor-widget elementor-widget-text-editor\" data-id=\"da4a5b7\" data-element_type=\"widget\" data-e-type=\"widget\" data-widget_type=\"text-editor.default\">\n\t\t\t\t<div class=\"elementor-widget-container\">\n\t\t\t\t\t\t\t\t\t<p>No problem - we are here for you! Just send us an e-mail to <a href=\"mailto:office@resonanz-valley.org\">office@resonanz-valley.org<\/a> and we will get back to you as soon as possible.<\/p>\t\t\t\t\t\t\t\t<\/div>\n\t\t\t\t<\/div>\n\t\t\t\t<div class=\"elementor-element elementor-element-1837077 elementor-widget elementor-widget-button\" data-id=\"1837077\" data-element_type=\"widget\" data-e-type=\"widget\" data-widget_type=\"button.default\">\n\t\t\t\t<div class=\"elementor-widget-container\">\n\t\t\t\t\t\t\t\t\t<div class=\"elementor-button-wrapper\">\n\t\t\t\t\t<a class=\"elementor-button elementor-button-link elementor-size-sm elementor-animation-grow\" href=\"mailto:office@resonanz-valley.org\">\n\t\t\t\t\t\t<span class=\"elementor-button-content-wrapper\">\n\t\t\t\t\t\t\t\t\t<span class=\"elementor-button-text\">Send email<\/span>\n\t\t\t\t\t<\/span>\n\t\t\t\t\t<\/a>\n\t\t\t\t<\/div>\n\t\t\t\t\t\t\t\t<\/div>\n\t\t\t\t<\/div>\n\t\t\t\t\t<\/div>\n\t\t<\/div>\n\t\t\t\t\t<\/div>\n\t\t<\/section>\n\t\t\t\t<\/div>","protected":false},"excerpt":{"rendered":"<p>Pr\u00e4senzseminare \u2013 Lernen aus Erfahrung, gemeinsam wachsen \u00a0Seit \u00fcber 50 Jahren begleiten wir Lehrkr\u00e4fte, P\u00e4dagog:innen, Kinder und Eltern in ihrem Bildungsalltag \u2013 mit Herz, Verstand und tiefgehender Erfahrung. Unsere Pr\u00e4senzseminare bieten praxisnahe Unterst\u00fctzung und neue Impulse f\u00fcr alle, die in Schule und P\u00e4dagogik wirken. Besonders im Umgang mit herausfordernden Klassensituationen, vielf\u00e4ltigen kulturellen Hintergr\u00fcnden und auff\u00e4lligem [&hellip;]<\/p>\n","protected":false},"author":2,"featured_media":0,"parent":0,"menu_order":0,"comment_status":"closed","ping_status":"closed","template":"","meta":{"ocean_post_layout":"","ocean_both_sidebars_style":"","ocean_both_sidebars_content_width":0,"ocean_both_sidebars_sidebars_width":0,"ocean_sidebar":"","ocean_second_sidebar":"","ocean_disable_margins":"enable","ocean_add_body_class":"","ocean_shortcode_before_top_bar":"","ocean_shortcode_after_top_bar":"","ocean_shortcode_before_header":"","ocean_shortcode_after_header":"","ocean_has_shortcode":"","ocean_shortcode_after_title":"","ocean_shortcode_before_footer_widgets":"","ocean_shortcode_after_footer_widgets":"","ocean_shortcode_before_footer_bottom":"","ocean_shortcode_after_footer_bottom":"","ocean_display_top_bar":"default","ocean_display_header":"default","ocean_header_style":"","ocean_center_header_left_menu":"","ocean_custom_header_template":"","ocean_custom_logo":0,"ocean_custom_retina_logo":0,"ocean_custom_logo_max_width":0,"ocean_custom_logo_tablet_max_width":0,"ocean_custom_logo_mobile_max_width":0,"ocean_custom_logo_max_height":0,"ocean_custom_logo_tablet_max_height":0,"ocean_custom_logo_mobile_max_height":0,"ocean_header_custom_menu":"","ocean_menu_typo_font_family":"","ocean_menu_typo_font_subset":"","ocean_menu_typo_font_size":0,"ocean_menu_typo_font_size_tablet":0,"ocean_menu_typo_font_size_mobile":0,"ocean_menu_typo_font_size_unit":"px","ocean_menu_typo_font_weight":"","ocean_menu_typo_font_weight_tablet":"","ocean_menu_typo_font_weight_mobile":"","ocean_menu_typo_transform":"","ocean_menu_typo_transform_tablet":"","ocean_menu_typo_transform_mobile":"","ocean_menu_typo_line_height":0,"ocean_menu_typo_line_height_tablet":0,"ocean_menu_typo_line_height_mobile":0,"ocean_menu_typo_line_height_unit":"","ocean_menu_typo_spacing":0,"ocean_menu_typo_spacing_tablet":0,"ocean_menu_typo_spacing_mobile":0,"ocean_menu_typo_spacing_unit":"","ocean_menu_link_color":"","ocean_menu_link_color_hover":"","ocean_menu_link_color_active":"","ocean_menu_link_background":"","ocean_menu_link_hover_background":"","ocean_menu_link_active_background":"","ocean_menu_social_links_bg":"","ocean_menu_social_hover_links_bg":"","ocean_menu_social_links_color":"","ocean_menu_social_hover_links_color":"","ocean_disable_title":"default","ocean_disable_heading":"default","ocean_post_title":"","ocean_post_subheading":"","ocean_post_title_style":"","ocean_post_title_background_color":"","ocean_post_title_background":0,"ocean_post_title_bg_image_position":"","ocean_post_title_bg_image_attachment":"","ocean_post_title_bg_image_repeat":"","ocean_post_title_bg_image_size":"","ocean_post_title_height":0,"ocean_post_title_bg_overlay":0.5,"ocean_post_title_bg_overlay_color":"","ocean_disable_breadcrumbs":"default","ocean_breadcrumbs_color":"","ocean_breadcrumbs_separator_color":"","ocean_breadcrumbs_links_color":"","ocean_breadcrumbs_links_hover_color":"","ocean_display_footer_widgets":"default","ocean_display_footer_bottom":"default","ocean_custom_footer_template":"","footnotes":""},"class_list":["post-2966","page","type-page","status-publish","hentry","entry","has-media"],"_links":{"self":[{"href":"https:\/\/resonanz-valley.org\/en\/wp-json\/wp\/v2\/pages\/2966","targetHints":{"allow":["GET"]}}],"collection":[{"href":"https:\/\/resonanz-valley.org\/en\/wp-json\/wp\/v2\/pages"}],"about":[{"href":"https:\/\/resonanz-valley.org\/en\/wp-json\/wp\/v2\/types\/page"}],"author":[{"embeddable":true,"href":"https:\/\/resonanz-valley.org\/en\/wp-json\/wp\/v2\/users\/2"}],"replies":[{"embeddable":true,"href":"https:\/\/resonanz-valley.org\/en\/wp-json\/wp\/v2\/comments?post=2966"}],"version-history":[{"count":10,"href":"https:\/\/resonanz-valley.org\/en\/wp-json\/wp\/v2\/pages\/2966\/revisions"}],"predecessor-version":[{"id":3081,"href":"https:\/\/resonanz-valley.org\/en\/wp-json\/wp\/v2\/pages\/2966\/revisions\/3081"}],"wp:attachment":[{"href":"https:\/\/resonanz-valley.org\/en\/wp-json\/wp\/v2\/media?parent=2966"}],"curies":[{"name":"wp","href":"https:\/\/api.w.org\/{rel}","templated":true}]}}