{"id":3,"date":"2022-05-11T10:46:09","date_gmt":"2022-05-11T08:46:09","guid":{"rendered":"https:\/\/resonanz-valley.com\/?page_id=3"},"modified":"2023-05-12T15:28:55","modified_gmt":"2023-05-12T13:28:55","slug":"privacy-policy","status":"publish","type":"page","link":"https:\/\/resonanz-valley.org\/en\/privacy-policy\/","title":{"rendered":"Privacy"},"content":{"rendered":"<div data-elementor-type=\"wp-page\" data-elementor-id=\"3\" class=\"elementor elementor-3\" data-elementor-post-type=\"page\">\n\t\t\t\t\t\t<section class=\"elementor-section elementor-top-section elementor-element elementor-element-726a119a elementor-section-boxed elementor-section-height-default elementor-section-height-default\" data-id=\"726a119a\" data-element_type=\"section\" data-e-type=\"section\">\n\t\t\t\t\t\t<div class=\"elementor-container elementor-column-gap-default\">\n\t\t\t\t\t<div class=\"elementor-column elementor-col-100 elementor-top-column elementor-element elementor-element-26732c52\" data-id=\"26732c52\" data-element_type=\"column\" data-e-type=\"column\">\n\t\t\t<div class=\"elementor-widget-wrap elementor-element-populated\">\n\t\t\t\t\t\t<div class=\"elementor-element elementor-element-4b511e40 elementor-widget elementor-widget-text-editor\" data-id=\"4b511e40\" data-element_type=\"widget\" data-e-type=\"widget\" data-widget_type=\"text-editor.default\">\n\t\t\t\t<div class=\"elementor-widget-container\">\n\t\t\t\t\t\t\t\t\t<p align=\"center\"><strong>Privacy policy<\/strong><\/p>\n<p>In the following privacy policy, we inform you about the most important aspects of data processing within the framework of our website. We collect and process personal data only on the basis of the legal provisions (Basic Data Protection Regulation, Telecommunications Act 2003).<\/p>\n<p>As soon as you access or visit our website as a user, your IP address, start and end of the session is recorded. This is technically required and therefore constitutes a legitimate interest iSv Art 6 para 1 lit f DSGVO.<\/p>\n<h5>Contact us<\/h5>\n<p>&nbsp;<\/p>\n<p>If you contact us, either via our contact form on our website, or by email, then the data you send us will be stored for six months for the purpose of processing your request or in case of further follow-up questions. There is, without your consent, no disclosure of your transmitted data.<\/p>\n<h5>Cookies<\/h5>\n<p>Our website uses so-called cookies. These are small text files that are stored on your end device with the help of the browser. They do not cause any damage. We use cookies to make our offer user-friendly. Some cookies remain stored on your end device until you delete them. They enable us to recognize your browser on your next visit. If you do not wish this, you can set up your browser so that it informs you about the setting of cookies and you only allow this in individual cases. When deactivating cookies, the functionality of our website may be limited.<\/p>\n<h5>Google Fonts<\/h5>\n<p>Our website uses fonts from \"Google Fonts\". The service provider of this feature is:<\/p>\n<ul>\n<li>Google Ireland Limited Gordon House, Barrow Street Dublin 4. Ireland<\/li>\n<\/ul>\n<p>Tel: +353 1 543 1000<\/p>\n<p>When you visit this website, your browser loads fonts and stores them in the cache. Since you, as a visitor to the website, receive data from the service provider, Google may set or analyze cookies on your computer.<\/p>\n<p>The use of \"Google Fonts\" serves to optimize our service and the uniform presentation of content. This represents a legitimate interest within the meaning of Art. 6 para. 1 lit. f DSGVO.<\/p>\n<p>For more information about Google Fonts, please visit the following link:<\/p>\n<ul>\n<li><a href=\"https:\/\/developers.google.com\/fonts\/faq\" target=\"_blank\" rel=\"noopener\"> https:\/\/developers.google.com\/fonts\/faq <\/a><\/li>\n<\/ul>\n<p>For more information about Google's handling of user data, please refer to the privacy policy:<\/p>\n<ul>\n<li><a href=\"https:\/\/policies.google.com\/privacy?hl=de\" target=\"_blank\" rel=\"noopener\"> https:\/\/policies.google.com\/privacy?hl=de <\/a> .<\/li>\n<\/ul>\n<p>Google also processes the data in the U.S., but has joined the<br>\nEU-US Privacy Shield.<\/p>\n<p><a href=\"https:\/\/www.privacyshield.gov\/EU-US-Framework\" target=\"_blank\" rel=\"noopener\"> https:\/\/www.privacyshield.gov\/EU-US-Framework <\/a><\/p>\n<h5>Server Log Files<\/h5>\n<p>This website and the associated provider automatically collect information in the course of website use within the framework of so-called \"server log files\". This concerns in particular:<\/p>\n<ul>\n<li>IP address or hostname<\/li>\n<li>the browser used<\/li>\n<li>Duration of stay on the website as well as date and time<\/li>\n<li>pages viewed on the website<\/li>\n<li>Language settings and operating system<\/li>\n<li>\"Leaving-Page\" (on which URL did the user leave the website)<\/li>\n<li>ISP (Internet Service Provider)<\/li>\n<\/ul>\n<p>This collected information is not processed in a personal manner or associated with personal data.<\/p>\n<p>The website operator reserves the right to evaluate or check this data in the event that illegal activities become known.<\/p>\n<h5>Your rights as a data subject<\/h5>\n<p>As a data subject, you have a fundamental right to access your data stored by us:<\/p>\n<ul>\n<li>Information<\/li>\n<li>Data deletion<\/li>\n<li>Correction of the data<\/li>\n<li>Data portability<\/li>\n<li>Revocation and objection to data processing<\/li>\n<li>Restriction<\/li>\n<\/ul>\n<p>If you suspect that violations of data protection law have occurred in the course of processing your data, you have the option of complaining to us (office@resonanz-valley.com) or to the data protection authority.<\/p>\n<h5>You can reach us at the following contact details:<\/h5>\n<p><b>Website operators:<\/b> Resonanz Valley<\/p>\n<p><b>Email:<\/b> office@resonanz-valley.com<\/p>\n<p>Source: <b><a href=\"https:\/\/fairesrecht.at\/anwalt\/ort\/Wien\/1\" target=\"_blank\" rel=\"noopener\">Find lawyer Vienna<\/a><\/b> in cooperation with <b><a href=\"https:\/\/fairesspiel.at\/\" target=\"_blank\" rel=\"noopener\">Money Back Online Casino<\/a><\/b><\/p>\t\t\t\t\t\t\t\t<\/div>\n\t\t\t\t<\/div>\n\t\t\t\t\t<\/div>\n\t\t<\/div>\n\t\t\t\t\t<\/div>\n\t\t<\/section>\n\t\t\t\t<\/div>","protected":false},"excerpt":{"rendered":"<p>Datenschutzerkl\u00e4rung In folgender Datenschutzerkl\u00e4rung informieren wir Sie \u00fcber die wichtigsten Aspekte der Datenverarbeitung im Rahmen unserer Webseite. Wir erheben und verarbeiten personenbezogene Daten nur auf Grundlage der gesetzlichen Bestimmungen (Datenschutzgrundverordnung, Telekommunikationsgesetz 2003). Sobald Sie als Benutzer auf unsere Webseite zugreifen oder diese besuchen wird Ihre IP-Adresse, Beginn sowie Beginn und Ende der Sitzung erfasst. Dies [&hellip;]<\/p>\n","protected":false},"author":1,"featured_media":0,"parent":0,"menu_order":0,"comment_status":"closed","ping_status":"closed","template":"","meta":{"ocean_post_layout":"full-width","ocean_both_sidebars_style":"","ocean_both_sidebars_content_width":0,"ocean_both_sidebars_sidebars_width":0,"ocean_sidebar":"0","ocean_second_sidebar":"0","ocean_disable_margins":"enable","ocean_add_body_class":"","ocean_shortcode_before_top_bar":"","ocean_shortcode_after_top_bar":"","ocean_shortcode_before_header":"","ocean_shortcode_after_header":"","ocean_has_shortcode":"","ocean_shortcode_after_title":"","ocean_shortcode_before_footer_widgets":"","ocean_shortcode_after_footer_widgets":"","ocean_shortcode_before_footer_bottom":"","ocean_shortcode_after_footer_bottom":"","ocean_display_top_bar":"default","ocean_display_header":"default","ocean_header_style":"","ocean_center_header_left_menu":"0","ocean_custom_header_template":"0","ocean_custom_logo":0,"ocean_custom_retina_logo":0,"ocean_custom_logo_max_width":0,"ocean_custom_logo_tablet_max_width":0,"ocean_custom_logo_mobile_max_width":0,"ocean_custom_logo_max_height":0,"ocean_custom_logo_tablet_max_height":0,"ocean_custom_logo_mobile_max_height":0,"ocean_header_custom_menu":"0","ocean_menu_typo_font_family":"0","ocean_menu_typo_font_subset":"","ocean_menu_typo_font_size":0,"ocean_menu_typo_font_size_tablet":0,"ocean_menu_typo_font_size_mobile":0,"ocean_menu_typo_font_size_unit":"px","ocean_menu_typo_font_weight":"","ocean_menu_typo_font_weight_tablet":"","ocean_menu_typo_font_weight_mobile":"","ocean_menu_typo_transform":"","ocean_menu_typo_transform_tablet":"","ocean_menu_typo_transform_mobile":"","ocean_menu_typo_line_height":0,"ocean_menu_typo_line_height_tablet":0,"ocean_menu_typo_line_height_mobile":0,"ocean_menu_typo_line_height_unit":"","ocean_menu_typo_spacing":0,"ocean_menu_typo_spacing_tablet":0,"ocean_menu_typo_spacing_mobile":0,"ocean_menu_typo_spacing_unit":"","ocean_menu_link_color":"","ocean_menu_link_color_hover":"","ocean_menu_link_color_active":"","ocean_menu_link_background":"","ocean_menu_link_hover_background":"","ocean_menu_link_active_background":"","ocean_menu_social_links_bg":"","ocean_menu_social_hover_links_bg":"","ocean_menu_social_links_color":"","ocean_menu_social_hover_links_color":"","ocean_disable_title":"default","ocean_disable_heading":"default","ocean_post_title":"","ocean_post_subheading":"","ocean_post_title_style":"","ocean_post_title_background_color":"","ocean_post_title_background":0,"ocean_post_title_bg_image_position":"","ocean_post_title_bg_image_attachment":"","ocean_post_title_bg_image_repeat":"","ocean_post_title_bg_image_size":"","ocean_post_title_height":0,"ocean_post_title_bg_overlay":0.5,"ocean_post_title_bg_overlay_color":"","ocean_disable_breadcrumbs":"default","ocean_breadcrumbs_color":"","ocean_breadcrumbs_separator_color":"","ocean_breadcrumbs_links_color":"","ocean_breadcrumbs_links_hover_color":"","ocean_display_footer_widgets":"default","ocean_display_footer_bottom":"default","ocean_custom_footer_template":"0","footnotes":""},"class_list":["post-3","page","type-page","status-publish","hentry","entry"],"_links":{"self":[{"href":"https:\/\/resonanz-valley.org\/en\/wp-json\/wp\/v2\/pages\/3","targetHints":{"allow":["GET"]}}],"collection":[{"href":"https:\/\/resonanz-valley.org\/en\/wp-json\/wp\/v2\/pages"}],"about":[{"href":"https:\/\/resonanz-valley.org\/en\/wp-json\/wp\/v2\/types\/page"}],"author":[{"embeddable":true,"href":"https:\/\/resonanz-valley.org\/en\/wp-json\/wp\/v2\/users\/1"}],"replies":[{"embeddable":true,"href":"https:\/\/resonanz-valley.org\/en\/wp-json\/wp\/v2\/comments?post=3"}],"version-history":[{"count":7,"href":"https:\/\/resonanz-valley.org\/en\/wp-json\/wp\/v2\/pages\/3\/revisions"}],"predecessor-version":[{"id":1087,"href":"https:\/\/resonanz-valley.org\/en\/wp-json\/wp\/v2\/pages\/3\/revisions\/1087"}],"wp:attachment":[{"href":"https:\/\/resonanz-valley.org\/en\/wp-json\/wp\/v2\/media?parent=3"}],"curies":[{"name":"wp","href":"https:\/\/api.w.org\/{rel}","templated":true}]}}