{"id":332,"date":"2022-05-17T16:08:07","date_gmt":"2022-05-17T14:08:07","guid":{"rendered":"https:\/\/resonanz-valley.com\/?page_id=332"},"modified":"2025-05-07T16:48:56","modified_gmt":"2025-05-07T14:48:56","slug":"fundraising","status":"publish","type":"page","link":"https:\/\/resonanz-valley.org\/en\/fundraising\/","title":{"rendered":"Fundraising"},"content":{"rendered":"<div data-elementor-type=\"wp-page\" data-elementor-id=\"332\" class=\"elementor elementor-332\" data-elementor-post-type=\"page\">\n\t\t\t\t\t\t<section class=\"elementor-section elementor-top-section elementor-element elementor-element-f19b46b elementor-section-full_width elementor-section-height-min-height elementor-section-stretched elementor-section-height-default elementor-section-items-middle\" data-id=\"f19b46b\" data-element_type=\"section\" data-e-type=\"section\" data-settings=\"{&quot;stretch_section&quot;:&quot;section-stretched&quot;,&quot;background_background&quot;:&quot;classic&quot;}\">\n\t\t\t\t\t\t\t<div class=\"elementor-background-overlay\"><\/div>\n\t\t\t\t\t\t\t<div class=\"elementor-container elementor-column-gap-default\">\n\t\t\t\t\t<div class=\"elementor-column elementor-col-100 elementor-top-column elementor-element elementor-element-e4d66fa\" data-id=\"e4d66fa\" data-element_type=\"column\" data-e-type=\"column\">\n\t\t\t<div class=\"elementor-widget-wrap elementor-element-populated\">\n\t\t\t\t\t\t<div class=\"elementor-element elementor-element-e235cce animated-slow elementor-invisible elementor-widget elementor-widget-heading\" data-id=\"e235cce\" data-element_type=\"widget\" data-e-type=\"widget\" data-settings=\"{&quot;_animation&quot;:&quot;fadeIn&quot;}\" data-widget_type=\"heading.default\">\n\t\t\t\t<div class=\"elementor-widget-container\">\n\t\t\t\t\t<h2 class=\"elementor-heading-title elementor-size-default\">The earth is in turmoil and chaos <br>Together we can restore resonance<\/h2>\t\t\t\t<\/div>\n\t\t\t\t<\/div>\n\t\t\t\t\t<\/div>\n\t\t<\/div>\n\t\t\t\t\t<\/div>\n\t\t<\/section>\n\t\t\t\t<section class=\"elementor-section elementor-top-section elementor-element elementor-element-1fabe340 elementor-section-boxed elementor-section-height-default elementor-section-height-default\" data-id=\"1fabe340\" data-element_type=\"section\" data-e-type=\"section\">\n\t\t\t\t\t\t<div class=\"elementor-container elementor-column-gap-default\">\n\t\t\t\t\t<div class=\"elementor-column elementor-col-100 elementor-top-column elementor-element elementor-element-4f6d58b2\" data-id=\"4f6d58b2\" data-element_type=\"column\" data-e-type=\"column\">\n\t\t\t<div class=\"elementor-widget-wrap elementor-element-populated\">\n\t\t\t\t\t\t<div class=\"elementor-element elementor-element-6136ab8 elementor-widget elementor-widget-heading\" data-id=\"6136ab8\" data-element_type=\"widget\" data-e-type=\"widget\" data-widget_type=\"heading.default\">\n\t\t\t\t<div class=\"elementor-widget-container\">\n\t\t\t\t\t<h2 class=\"elementor-heading-title elementor-size-default\">Resonanz Valley for Peace<\/h2>\t\t\t\t<\/div>\n\t\t\t\t<\/div>\n\t\t\t\t<div class=\"elementor-element elementor-element-2d224df elementor-widget elementor-widget-heading\" data-id=\"2d224df\" data-element_type=\"widget\" data-e-type=\"widget\" data-widget_type=\"heading.default\">\n\t\t\t\t<div class=\"elementor-widget-container\">\n\t\t\t\t\t<h2 class=\"elementor-heading-title elementor-size-default\">A Research Center for Sustainable Development<\/h2>\t\t\t\t<\/div>\n\t\t\t\t<\/div>\n\t\t\t\t<div class=\"elementor-element elementor-element-4a8a9294 elementor-widget elementor-widget-text-editor\" data-id=\"4a8a9294\" data-element_type=\"widget\" data-e-type=\"widget\" data-widget_type=\"text-editor.default\">\n\t\t\t\t<div class=\"elementor-widget-container\">\n\t\t\t\t\t\t\t\t\t<h3 class=\"translation-block\"><strong> Our Mission:<\/strong><br><\/h3><p class=\"translation-block\"><strong>We translate cutting-edge insights from neuroimmunology and quantum physics into everyday life to help restore resonance in a world facing turmoil and chaos.<strong><\/p><p>Expertise is very important and is taught very well, but <strong>Relationship, feelings, togetherness<\/strong>What we human beings really long for is not taught.<\/p><p>Resonance Valley's mission is to figure out how we can work in the <strong>quite normal everyday life<\/strong>, with all those people who are important to us, can live our deeply hidden desires.<\/p><p>I was allowed to accompany many people for 50 years and I experienced so much love, so much longing for joyful togetherness, for intensity, but all that was hidden deep inside, almost as if locked up, and they didn't know how to live it. How often I myself have longed for love, felt it with my parents, my children, with so many people who were important to me, but the words we spoke were different. Often even the great opposite of our inner desires.<\/p><p><strong>The secret to this is the resonant flow feeling.<\/strong> We assume that each person has a very individual resonance, which we received as a birth gift and which is often buried in the course of growing up.<\/p><p>We want to reawaken this glow and radiance, this birth gift, this sun in you, step by step, so that you can feel and live your resonance more and more again - and you become more and more alive and joyful.<\/p><p>We want to research how to make that accessible to as many people as possible:<\/p><p><b>We need resonance between people, nature and technology.<br \/>We long for a meaningful life, for joyful togetherness.<\/b><\/p>\t\t\t\t\t\t\t\t<\/div>\n\t\t\t\t<\/div>\n\t\t\t\t<div class=\"elementor-element elementor-element-f08f58e elementor-widget elementor-widget-heading\" data-id=\"f08f58e\" data-element_type=\"widget\" data-e-type=\"widget\" data-widget_type=\"heading.default\">\n\t\t\t\t<div class=\"elementor-widget-container\">\n\t\t\t\t\t<h2 class=\"elementor-heading-title elementor-size-default\">Would you like to help us get our projects off the ground and make them accessible to as many adults and children as possible?<\/h2>\t\t\t\t<\/div>\n\t\t\t\t<\/div>\n\t\t\t\t<section class=\"elementor-section elementor-inner-section elementor-element elementor-element-63431ce elementor-section-boxed elementor-section-height-default elementor-section-height-default\" data-id=\"63431ce\" data-element_type=\"section\" data-e-type=\"section\">\n\t\t\t\t\t\t<div class=\"elementor-container elementor-column-gap-default\">\n\t\t\t\t\t<div class=\"elementor-column elementor-col-50 elementor-inner-column elementor-element elementor-element-e8b55e6\" data-id=\"e8b55e6\" data-element_type=\"column\" data-e-type=\"column\">\n\t\t\t<div class=\"elementor-widget-wrap elementor-element-populated\">\n\t\t\t\t\t\t<div class=\"elementor-element elementor-element-5993efa elementor-widget elementor-widget-image\" data-id=\"5993efa\" data-element_type=\"widget\" data-e-type=\"widget\" data-widget_type=\"image.default\">\n\t\t\t\t<div class=\"elementor-widget-container\">\n\t\t\t\t\t\t\t\t\t\t\t\t\t\t\t<img fetchpriority=\"high\" decoding=\"async\" width=\"400\" height=\"400\" src=\"https:\/\/resonanz-valley.org\/wp-content\/uploads\/2022\/05\/alle-cds.webp\" class=\"attachment-large size-large wp-image-514\" alt=\"\" srcset=\"https:\/\/resonanz-valley.org\/wp-content\/uploads\/2022\/05\/alle-cds.webp 400w, https:\/\/resonanz-valley.org\/wp-content\/uploads\/2022\/05\/alle-cds-300x300.webp 300w, https:\/\/resonanz-valley.org\/wp-content\/uploads\/2022\/05\/alle-cds-150x150.webp 150w\" sizes=\"(max-width: 400px) 100vw, 400px\" \/>\t\t\t\t\t\t\t\t\t\t\t\t\t\t\t<\/div>\n\t\t\t\t<\/div>\n\t\t\t\t\t<\/div>\n\t\t<\/div>\n\t\t\t\t<div class=\"elementor-column elementor-col-50 elementor-inner-column elementor-element elementor-element-d5a3b58\" data-id=\"d5a3b58\" data-element_type=\"column\" data-e-type=\"column\">\n\t\t\t<div class=\"elementor-widget-wrap elementor-element-populated\">\n\t\t\t\t\t\t<div class=\"elementor-element elementor-element-a184267 elementor-widget elementor-widget-text-editor\" data-id=\"a184267\" data-element_type=\"widget\" data-e-type=\"widget\" data-widget_type=\"text-editor.default\">\n\t\t\t\t<div class=\"elementor-widget-container\">\n\t\t\t\t\t\t\t\t\t<p><strong>As a small thank you, all who donate will receive a power place meditation to recharge their batteries.<\/strong><\/p><h3>Every contribution helps!<\/h3><p>We need all kinds of support so that we can help people worldwide.<\/p><h2><strong>Donation account for Resonanz-Valley<\/strong><br \/><strong>IBAN: AT67 3437 0000 0142 7186<br \/><\/strong><strong>BIC: RZOOAT2L370<\/strong><\/h2><p><span style=\"text-decoration: underline;\"><span style=\"color: #808080;\"><a style=\"color: #808080; text-decoration: underline;\" href=\"https:\/\/resonanz-valley.com\" target=\"_blank\" rel=\"noopener\">www.resonanz-valley.com<\/a><\/span><\/span><span style=\"text-decoration: underline;\"><span style=\"color: #808080; text-decoration: underline;\"><br \/><\/span><span style=\"color: #808080; text-decoration: underline;\"><a style=\"color: #808080; text-decoration: underline;\" href=\"https:\/\/www.kutschera.org\" target=\"_blank\" rel=\"noopener\">www.kutschera.<\/a>org<\/span><\/span><\/p>\t\t\t\t\t\t\t\t<\/div>\n\t\t\t\t<\/div>\n\t\t\t\t\t<\/div>\n\t\t<\/div>\n\t\t\t\t\t<\/div>\n\t\t<\/section>\n\t\t\t\t\t<\/div>\n\t\t<\/div>\n\t\t\t\t\t<\/div>\n\t\t<\/section>\n\t\t\t\t<\/div>","protected":false},"excerpt":{"rendered":"<p>Die Erde ist in Unruhe und Chaos Gemeinsam k\u00f6nnen wir Resonanz wieder herstellen Resonanz Valley f\u00fcr Frieden Forschungszentrum f\u00fcr nachhaltige Entwicklung Ziel der Forschung:Alles theoretische Wissen der Neuroimmunologie und Quantenphysik in den Alltag umsetzen Die Erde ist in Unruhe und Chaos.\u00a0Gemeinsam k\u00f6nnen wir Resonanz wieder herstellen. Fachwissen ist sehr wichtig und wird sehr gut unterrichtet, [&hellip;]<\/p>\n","protected":false},"author":2,"featured_media":0,"parent":0,"menu_order":0,"comment_status":"closed","ping_status":"closed","template":"","meta":{"ocean_post_layout":"full-width","ocean_both_sidebars_style":"","ocean_both_sidebars_content_width":0,"ocean_both_sidebars_sidebars_width":0,"ocean_sidebar":"0","ocean_second_sidebar":"0","ocean_disable_margins":"enable","ocean_add_body_class":"","ocean_shortcode_before_top_bar":"","ocean_shortcode_after_top_bar":"","ocean_shortcode_before_header":"","ocean_shortcode_after_header":"","ocean_has_shortcode":"","ocean_shortcode_after_title":"","ocean_shortcode_before_footer_widgets":"","ocean_shortcode_after_footer_widgets":"","ocean_shortcode_before_footer_bottom":"","ocean_shortcode_after_footer_bottom":"","ocean_display_top_bar":"default","ocean_display_header":"default","ocean_header_style":"","ocean_center_header_left_menu":"0","ocean_custom_header_template":"0","ocean_custom_logo":0,"ocean_custom_retina_logo":0,"ocean_custom_logo_max_width":0,"ocean_custom_logo_tablet_max_width":0,"ocean_custom_logo_mobile_max_width":0,"ocean_custom_logo_max_height":0,"ocean_custom_logo_tablet_max_height":0,"ocean_custom_logo_mobile_max_height":0,"ocean_header_custom_menu":"0","ocean_menu_typo_font_family":"0","ocean_menu_typo_font_subset":"","ocean_menu_typo_font_size":0,"ocean_menu_typo_font_size_tablet":0,"ocean_menu_typo_font_size_mobile":0,"ocean_menu_typo_font_size_unit":"px","ocean_menu_typo_font_weight":"","ocean_menu_typo_font_weight_tablet":"","ocean_menu_typo_font_weight_mobile":"","ocean_menu_typo_transform":"","ocean_menu_typo_transform_tablet":"","ocean_menu_typo_transform_mobile":"","ocean_menu_typo_line_height":0,"ocean_menu_typo_line_height_tablet":0,"ocean_menu_typo_line_height_mobile":0,"ocean_menu_typo_line_height_unit":"","ocean_menu_typo_spacing":0,"ocean_menu_typo_spacing_tablet":0,"ocean_menu_typo_spacing_mobile":0,"ocean_menu_typo_spacing_unit":"","ocean_menu_link_color":"","ocean_menu_link_color_hover":"","ocean_menu_link_color_active":"","ocean_menu_link_background":"","ocean_menu_link_hover_background":"","ocean_menu_link_active_background":"","ocean_menu_social_links_bg":"","ocean_menu_social_hover_links_bg":"","ocean_menu_social_links_color":"","ocean_menu_social_hover_links_color":"","ocean_disable_title":"on","ocean_disable_heading":"default","ocean_post_title":"","ocean_post_subheading":"","ocean_post_title_style":"","ocean_post_title_background_color":"","ocean_post_title_background":0,"ocean_post_title_bg_image_position":"","ocean_post_title_bg_image_attachment":"","ocean_post_title_bg_image_repeat":"","ocean_post_title_bg_image_size":"","ocean_post_title_height":0,"ocean_post_title_bg_overlay":0.5,"ocean_post_title_bg_overlay_color":"","ocean_disable_breadcrumbs":"default","ocean_breadcrumbs_color":"","ocean_breadcrumbs_separator_color":"","ocean_breadcrumbs_links_color":"","ocean_breadcrumbs_links_hover_color":"","ocean_display_footer_widgets":"default","ocean_display_footer_bottom":"default","ocean_custom_footer_template":"0","footnotes":""},"class_list":["post-332","page","type-page","status-publish","hentry","entry"],"_links":{"self":[{"href":"https:\/\/resonanz-valley.org\/en\/wp-json\/wp\/v2\/pages\/332","targetHints":{"allow":["GET"]}}],"collection":[{"href":"https:\/\/resonanz-valley.org\/en\/wp-json\/wp\/v2\/pages"}],"about":[{"href":"https:\/\/resonanz-valley.org\/en\/wp-json\/wp\/v2\/types\/page"}],"author":[{"embeddable":true,"href":"https:\/\/resonanz-valley.org\/en\/wp-json\/wp\/v2\/users\/2"}],"replies":[{"embeddable":true,"href":"https:\/\/resonanz-valley.org\/en\/wp-json\/wp\/v2\/comments?post=332"}],"version-history":[{"count":10,"href":"https:\/\/resonanz-valley.org\/en\/wp-json\/wp\/v2\/pages\/332\/revisions"}],"predecessor-version":[{"id":2964,"href":"https:\/\/resonanz-valley.org\/en\/wp-json\/wp\/v2\/pages\/332\/revisions\/2964"}],"wp:attachment":[{"href":"https:\/\/resonanz-valley.org\/en\/wp-json\/wp\/v2\/media?parent=332"}],"curies":[{"name":"wp","href":"https:\/\/api.w.org\/{rel}","templated":true}]}}