{"id":743,"date":"2022-08-31T13:23:02","date_gmt":"2022-08-31T11:23:02","guid":{"rendered":"https:\/\/resonanz-valley.com\/?page_id=743"},"modified":"2022-09-26T11:43:14","modified_gmt":"2022-09-26T09:43:14","slug":"why-mental-holiday-for-school-and-family","status":"publish","type":"page","link":"https:\/\/resonanz-valley.org\/en\/why-mental-holiday-for-school-and-family\/","title":{"rendered":"How can the \u201cMental Vacation\u201d be an aid for Schools, Family and Friends?"},"content":{"rendered":"<div data-elementor-type=\"wp-page\" data-elementor-id=\"743\" class=\"elementor elementor-743\" data-elementor-post-type=\"page\">\n\t\t\t\t\t\t<section class=\"elementor-section elementor-top-section elementor-element elementor-element-82adb26 elementor-section-full_width elementor-section-height-min-height elementor-section-stretched elementor-section-height-default elementor-section-items-middle\" data-id=\"82adb26\" data-element_type=\"section\" data-e-type=\"section\" data-settings=\"{&quot;stretch_section&quot;:&quot;section-stretched&quot;,&quot;background_background&quot;:&quot;classic&quot;}\">\n\t\t\t\t\t\t\t<div class=\"elementor-background-overlay\"><\/div>\n\t\t\t\t\t\t\t<div class=\"elementor-container elementor-column-gap-default\">\n\t\t\t\t\t<div class=\"elementor-column elementor-col-100 elementor-top-column elementor-element elementor-element-ab31b7b\" data-id=\"ab31b7b\" data-element_type=\"column\" data-e-type=\"column\">\n\t\t\t<div class=\"elementor-widget-wrap elementor-element-populated\">\n\t\t\t\t\t\t<div class=\"elementor-element elementor-element-717723f animated-slow elementor-invisible elementor-widget elementor-widget-heading\" data-id=\"717723f\" data-element_type=\"widget\" data-e-type=\"widget\" data-settings=\"{&quot;_animation&quot;:&quot;fadeIn&quot;}\" data-widget_type=\"heading.default\">\n\t\t\t\t<div class=\"elementor-widget-container\">\n\t\t\t\t\t<h1 class=\"elementor-heading-title elementor-size-default\">How can the \u201cMental Vacation\u201d be an aid for Schools, Family and Friends?<\/h1>\t\t\t\t<\/div>\n\t\t\t\t<\/div>\n\t\t\t\t\t<\/div>\n\t\t<\/div>\n\t\t\t\t\t<\/div>\n\t\t<\/section>\n\t\t\t\t<section class=\"elementor-section elementor-top-section elementor-element elementor-element-52d5a764 elementor-section-boxed elementor-section-height-default elementor-section-height-default\" data-id=\"52d5a764\" data-element_type=\"section\" data-e-type=\"section\">\n\t\t\t\t\t\t<div class=\"elementor-container elementor-column-gap-default\">\n\t\t\t\t\t<div class=\"elementor-column elementor-col-100 elementor-top-column elementor-element elementor-element-27b07c96\" data-id=\"27b07c96\" data-element_type=\"column\" data-e-type=\"column\">\n\t\t\t<div class=\"elementor-widget-wrap elementor-element-populated\">\n\t\t\t\t\t\t<div class=\"elementor-element elementor-element-35e9ce63 elementor-widget elementor-widget-text-editor\" data-id=\"35e9ce63\" data-element_type=\"widget\" data-e-type=\"widget\" data-widget_type=\"text-editor.default\">\n\t\t\t\t<div class=\"elementor-widget-container\">\n\t\t\t\t\t\t\t\t\t<h1><strong>How can the \u201cMental Vacation\u201d be an aid for Schools, Family and Friends?<\/strong><\/h1>\n<p>Parents of children and teachers in school feel left alone and urgently need support and new\nstrategies for togetherness.<\/p>\n<p>Through the \u201cMental Vacation\u201d families and school classes can experience how important it is to\nhave a strong team behind every individual and how to build such a team. Tools that help to learn\nwith motivation and ease are also provided. So that everyone can experience joy going to school.<\/p>\n<p class=\"translation-block\">The \u201cMental Vacation\u201d is designed that families (that includes your chosen family, so friends as well) and school classes spend 2 hours a week going through the program and tools together, reflecting on them and integrating everything newly learned into everyday life. They experience how different\neveryone is and learn how conflicts can be solved with positive attitudes. They get to understand how those who think differently, or other cultures are an enrichment and not a nuisance.<\/p>\n<p>Both parents, teachers, and friends as well as the children experience how important it is to have a\nsupportive team behind you, that will motivate you to have fun while discovering the best in you.<\/p>\n<p class=\"translation-block\">They can use the tools provided by the \u201cMental Vacation\u201d to create projects together and reestablish resonance in their environment. They develop their skills and talents and find out how they can put them into practice immediately.<\/p>\n<p class=\"translation-block\">The aim is to discover and define how equal relationships can be lived and what is necessary for\nhappy togetherness.<\/p>\n<h3><strong>Why is this program especially important for schools, families?<\/strong><\/h3>\n<p>School and family are the smallest socialization instance in a state. If the people in the families and\nschools are not doing well, the state is not doing well. We put a lot of time in research of new\ntechnical knowledge, but practically nothing into relationships and raising children. Establishing\nResonance in the environment is crucial in order to live together in peace.<\/p>\t\t\t\t\t\t\t\t<\/div>\n\t\t\t\t<\/div>\n\t\t\t\t\t<\/div>\n\t\t<\/div>\n\t\t\t\t\t<\/div>\n\t\t<\/section>\n\t\t\t\t<section class=\"elementor-section elementor-top-section elementor-element elementor-element-fd7f5aa elementor-section-stretched elementor-section-boxed elementor-section-height-default elementor-section-height-default\" data-id=\"fd7f5aa\" data-element_type=\"section\" data-e-type=\"section\" data-settings=\"{&quot;background_background&quot;:&quot;classic&quot;,&quot;stretch_section&quot;:&quot;section-stretched&quot;}\">\n\t\t\t\t\t\t\t<div class=\"elementor-background-overlay\"><\/div>\n\t\t\t\t\t\t\t<div class=\"elementor-container elementor-column-gap-default\">\n\t\t\t\t\t<div class=\"elementor-column elementor-col-100 elementor-top-column elementor-element elementor-element-2515926\" data-id=\"2515926\" data-element_type=\"column\" data-e-type=\"column\">\n\t\t\t<div class=\"elementor-widget-wrap elementor-element-populated\">\n\t\t\t\t\t\t<section class=\"elementor-section elementor-inner-section elementor-element elementor-element-3375589 elementor-section-boxed elementor-section-height-default elementor-section-height-default\" data-id=\"3375589\" data-element_type=\"section\" data-e-type=\"section\">\n\t\t\t\t\t\t<div class=\"elementor-container elementor-column-gap-default\">\n\t\t\t\t\t<div class=\"elementor-column elementor-col-50 elementor-inner-column elementor-element elementor-element-5189b05\" data-id=\"5189b05\" data-element_type=\"column\" data-e-type=\"column\">\n\t\t\t<div class=\"elementor-widget-wrap elementor-element-populated\">\n\t\t\t\t\t\t<div class=\"elementor-element elementor-element-6ff43ec elementor-widget elementor-widget-text-editor\" data-id=\"6ff43ec\" data-element_type=\"widget\" data-e-type=\"widget\" data-widget_type=\"text-editor.default\">\n\t\t\t\t<div class=\"elementor-widget-container\">\n\t\t\t\t\t\t\t\t\t<p><strong>Address<br \/><\/strong>Eisvogelgasse 1\/3<br \/>1060 Vienna <\/p>\t\t\t\t\t\t\t\t<\/div>\n\t\t\t\t<\/div>\n\t\t\t\t\t<\/div>\n\t\t<\/div>\n\t\t\t\t<div class=\"elementor-column elementor-col-50 elementor-inner-column elementor-element elementor-element-532668d\" data-id=\"532668d\" data-element_type=\"column\" data-e-type=\"column\">\n\t\t\t<div class=\"elementor-widget-wrap elementor-element-populated\">\n\t\t\t\t\t\t<div class=\"elementor-element elementor-element-86d2ead elementor-widget elementor-widget-text-editor\" data-id=\"86d2ead\" data-element_type=\"widget\" data-e-type=\"widget\" data-widget_type=\"text-editor.default\">\n\t\t\t\t<div class=\"elementor-widget-container\">\n\t\t\t\t\t\t\t\t\t<p><strong>Email<br \/><\/strong><a href=\"mailto:office@resonanz-valley.com\">office@resonanz-valley.com<\/a><strong><br \/><\/strong><\/p>\t\t\t\t\t\t\t\t<\/div>\n\t\t\t\t<\/div>\n\t\t\t\t\t<\/div>\n\t\t<\/div>\n\t\t\t\t\t<\/div>\n\t\t<\/section>\n\t\t\t\t\t<\/div>\n\t\t<\/div>\n\t\t\t\t\t<\/div>\n\t\t<\/section>\n\t\t\t\t<\/div>","protected":false},"excerpt":{"rendered":"<p>Warum Mentaler Urlaub f\u00fcr Schule und Familie? Warum Mentaler Urlaub f\u00fcr Schule und Familie? Eltern und Lehrer f\u00fchlen sich allein gelassen und brauchen dringend Unterst\u00fctzung. Beim Mentalen Urlaub k\u00f6nnen auch Familien und Schulklassen mitmachen und erleben, wie wichtig es ist, ein starkes Team hinter sich zu haben. Du bekommst Tools, die dir helfen motiviert und [&hellip;]<\/p>\n","protected":false},"author":2,"featured_media":0,"parent":0,"menu_order":0,"comment_status":"closed","ping_status":"closed","template":"","meta":{"ocean_post_layout":"full-width","ocean_both_sidebars_style":"","ocean_both_sidebars_content_width":0,"ocean_both_sidebars_sidebars_width":0,"ocean_sidebar":"0","ocean_second_sidebar":"0","ocean_disable_margins":"enable","ocean_add_body_class":"","ocean_shortcode_before_top_bar":"","ocean_shortcode_after_top_bar":"","ocean_shortcode_before_header":"","ocean_shortcode_after_header":"","ocean_has_shortcode":"","ocean_shortcode_after_title":"","ocean_shortcode_before_footer_widgets":"","ocean_shortcode_after_footer_widgets":"","ocean_shortcode_before_footer_bottom":"","ocean_shortcode_after_footer_bottom":"","ocean_display_top_bar":"default","ocean_display_header":"default","ocean_header_style":"","ocean_center_header_left_menu":"0","ocean_custom_header_template":"0","ocean_custom_logo":0,"ocean_custom_retina_logo":0,"ocean_custom_logo_max_width":0,"ocean_custom_logo_tablet_max_width":0,"ocean_custom_logo_mobile_max_width":0,"ocean_custom_logo_max_height":0,"ocean_custom_logo_tablet_max_height":0,"ocean_custom_logo_mobile_max_height":0,"ocean_header_custom_menu":"0","ocean_menu_typo_font_family":"0","ocean_menu_typo_font_subset":"","ocean_menu_typo_font_size":0,"ocean_menu_typo_font_size_tablet":0,"ocean_menu_typo_font_size_mobile":0,"ocean_menu_typo_font_size_unit":"px","ocean_menu_typo_font_weight":"","ocean_menu_typo_font_weight_tablet":"","ocean_menu_typo_font_weight_mobile":"","ocean_menu_typo_transform":"","ocean_menu_typo_transform_tablet":"","ocean_menu_typo_transform_mobile":"","ocean_menu_typo_line_height":0,"ocean_menu_typo_line_height_tablet":0,"ocean_menu_typo_line_height_mobile":0,"ocean_menu_typo_line_height_unit":"","ocean_menu_typo_spacing":0,"ocean_menu_typo_spacing_tablet":0,"ocean_menu_typo_spacing_mobile":0,"ocean_menu_typo_spacing_unit":"","ocean_menu_link_color":"","ocean_menu_link_color_hover":"","ocean_menu_link_color_active":"","ocean_menu_link_background":"","ocean_menu_link_hover_background":"","ocean_menu_link_active_background":"","ocean_menu_social_links_bg":"","ocean_menu_social_hover_links_bg":"","ocean_menu_social_links_color":"","ocean_menu_social_hover_links_color":"","ocean_disable_title":"on","ocean_disable_heading":"default","ocean_post_title":"","ocean_post_subheading":"","ocean_post_title_style":"","ocean_post_title_background_color":"","ocean_post_title_background":0,"ocean_post_title_bg_image_position":"","ocean_post_title_bg_image_attachment":"","ocean_post_title_bg_image_repeat":"","ocean_post_title_bg_image_size":"","ocean_post_title_height":0,"ocean_post_title_bg_overlay":0.5,"ocean_post_title_bg_overlay_color":"","ocean_disable_breadcrumbs":"default","ocean_breadcrumbs_color":"","ocean_breadcrumbs_separator_color":"","ocean_breadcrumbs_links_color":"","ocean_breadcrumbs_links_hover_color":"","ocean_display_footer_widgets":"default","ocean_display_footer_bottom":"default","ocean_custom_footer_template":"0","footnotes":""},"class_list":["post-743","page","type-page","status-publish","hentry","entry"],"_links":{"self":[{"href":"https:\/\/resonanz-valley.org\/en\/wp-json\/wp\/v2\/pages\/743","targetHints":{"allow":["GET"]}}],"collection":[{"href":"https:\/\/resonanz-valley.org\/en\/wp-json\/wp\/v2\/pages"}],"about":[{"href":"https:\/\/resonanz-valley.org\/en\/wp-json\/wp\/v2\/types\/page"}],"author":[{"embeddable":true,"href":"https:\/\/resonanz-valley.org\/en\/wp-json\/wp\/v2\/users\/2"}],"replies":[{"embeddable":true,"href":"https:\/\/resonanz-valley.org\/en\/wp-json\/wp\/v2\/comments?post=743"}],"version-history":[{"count":10,"href":"https:\/\/resonanz-valley.org\/en\/wp-json\/wp\/v2\/pages\/743\/revisions"}],"predecessor-version":[{"id":803,"href":"https:\/\/resonanz-valley.org\/en\/wp-json\/wp\/v2\/pages\/743\/revisions\/803"}],"wp:attachment":[{"href":"https:\/\/resonanz-valley.org\/en\/wp-json\/wp\/v2\/media?parent=743"}],"curies":[{"name":"wp","href":"https:\/\/api.w.org\/{rel}","templated":true}]}}