{"id":745,"date":"2022-08-31T13:24:25","date_gmt":"2022-08-31T11:24:25","guid":{"rendered":"https:\/\/resonanz-valley.com\/?page_id=745"},"modified":"2022-09-26T11:43:46","modified_gmt":"2022-09-26T09:43:46","slug":"why-mental-vacation-for-leaders-and-teams","status":"publish","type":"page","link":"https:\/\/resonanz-valley.org\/en\/why-mental-vacation-for-leaders-and-teams\/","title":{"rendered":"Why is the \u201cMental Vacation\u201d beneficial for Leaders and Teams?"},"content":{"rendered":"<div data-elementor-type=\"wp-page\" data-elementor-id=\"745\" class=\"elementor elementor-745\" data-elementor-post-type=\"page\">\n\t\t\t\t\t\t<section class=\"elementor-section elementor-top-section elementor-element elementor-element-8ac8ae6 elementor-section-full_width elementor-section-height-min-height elementor-section-stretched elementor-section-height-default elementor-section-items-middle\" data-id=\"8ac8ae6\" data-element_type=\"section\" data-e-type=\"section\" data-settings=\"{&quot;stretch_section&quot;:&quot;section-stretched&quot;,&quot;background_background&quot;:&quot;classic&quot;}\">\n\t\t\t\t\t\t\t<div class=\"elementor-background-overlay\"><\/div>\n\t\t\t\t\t\t\t<div class=\"elementor-container elementor-column-gap-default\">\n\t\t\t\t\t<div class=\"elementor-column elementor-col-100 elementor-top-column elementor-element elementor-element-2c6a6c0\" data-id=\"2c6a6c0\" data-element_type=\"column\" data-e-type=\"column\">\n\t\t\t<div class=\"elementor-widget-wrap elementor-element-populated\">\n\t\t\t\t\t\t<div class=\"elementor-element elementor-element-651b15f animated-slow elementor-invisible elementor-widget elementor-widget-heading\" data-id=\"651b15f\" data-element_type=\"widget\" data-e-type=\"widget\" data-settings=\"{&quot;_animation&quot;:&quot;fadeIn&quot;}\" data-widget_type=\"heading.default\">\n\t\t\t\t<div class=\"elementor-widget-container\">\n\t\t\t\t\t<h1 class=\"elementor-heading-title elementor-size-default translation-block\">Why mental vacation for leaders and teams?<\/h1>\t\t\t\t<\/div>\n\t\t\t\t<\/div>\n\t\t\t\t\t<\/div>\n\t\t<\/div>\n\t\t\t\t\t<\/div>\n\t\t<\/section>\n\t\t\t\t<section class=\"elementor-section elementor-top-section elementor-element elementor-element-2ec423e elementor-section-boxed elementor-section-height-default elementor-section-height-default\" data-id=\"2ec423e\" data-element_type=\"section\" data-e-type=\"section\">\n\t\t\t\t\t\t<div class=\"elementor-container elementor-column-gap-default\">\n\t\t\t\t\t<div class=\"elementor-column elementor-col-100 elementor-top-column elementor-element elementor-element-6423e70c\" data-id=\"6423e70c\" data-element_type=\"column\" data-e-type=\"column\">\n\t\t\t<div class=\"elementor-widget-wrap elementor-element-populated\">\n\t\t\t\t\t\t<div class=\"elementor-element elementor-element-dc93536 elementor-widget elementor-widget-text-editor\" data-id=\"dc93536\" data-element_type=\"widget\" data-e-type=\"widget\" data-widget_type=\"text-editor.default\">\n\t\t\t\t<div class=\"elementor-widget-container\">\n\t\t\t\t\t\t\t\t\t<h1 class=\"translation-block\">Why mental vacation for leaders and teams?<\/h1>\n<p><strong>&nbsp;<\/strong>In the Mental Vacation you learn:<\/p>\n<ul>\n<li>how your team and you can take proper, balanced leadership in your area of responsibility<\/li>\n<li>how you can support each other and create a positive, productive environment<\/li>\n<li>how to combine expertise with gut feeling and intuition<\/li>\n<\/ul>\n<p class=\"translation-block\">The <b>ultimate goal<\/b> is for everyone to enjoy going to work and being able to enjoy their\nsuccesses together.<\/p>\n<p><\/p>\n<p>You can think of a company like a machine. Consisting of many different parts that need to\nwork together for the machine to run smoothly.<\/p>\n<p>The better the gears work together in the company, the healthier the employees are and the\nmore successful the company is.<\/p>\n<p>Just like in sports, you can experience how wonderful it is to have a trusting team behind\nyou and behind every person in your company. You will experience how much creativity can\nbe unfolded and how much joy you can create in your own area of responsibility and in\nworking together if a balanced environment is established. In the \u201cMental Vacation\u201d you will\nlearn the basis for good leadership and a balanced life.<\/p>\n<p><\/p>\n<p>The \u201cMental Vacation\u201d is a mental fitness center in which teams spend 2 hours a week\ntogether, going through the program and tools, reflecting on them, applying them and\nenjoying their successes and process together. Employees learn a new way to solve conflicts,\nto recognize hidden agendas and to use them in conversations. They also learn how to\naccess their soul, experience what is meaningful in life. By achieving a work-life balance,\npeople can have a good time at work instead of dreading to go there every day.<\/p>\n<p><\/p>\t\t\t\t\t\t\t\t<\/div>\n\t\t\t\t<\/div>\n\t\t\t\t\t<\/div>\n\t\t<\/div>\n\t\t\t\t\t<\/div>\n\t\t<\/section>\n\t\t\t\t<\/div>","protected":false},"excerpt":{"rendered":"<p>Warum Mentaler Urlaub f\u00fcr F\u00fchrungskr\u00e4fte und Teams? Warum Mentaler Urlaub f\u00fcr F\u00fchrungskr\u00e4fte und Teams? &nbsp;Im Mentalen Urlaub bekommst du Tools, wie dein Team und du selbst F\u00fchrung f\u00fcr den eigenen Aufgabenbereich \u00fcbernehmt, wie ihr euch gegenseitig im Team unterst\u00fctzt und Fachwissen mit Bauchgef\u00fchl und Intuition verbindet. Ziel ist es, dass alle gerne zur Arbeit gehen [&hellip;]<\/p>\n","protected":false},"author":2,"featured_media":0,"parent":0,"menu_order":0,"comment_status":"closed","ping_status":"closed","template":"","meta":{"ocean_post_layout":"full-width","ocean_both_sidebars_style":"","ocean_both_sidebars_content_width":0,"ocean_both_sidebars_sidebars_width":0,"ocean_sidebar":"0","ocean_second_sidebar":"0","ocean_disable_margins":"enable","ocean_add_body_class":"","ocean_shortcode_before_top_bar":"","ocean_shortcode_after_top_bar":"","ocean_shortcode_before_header":"","ocean_shortcode_after_header":"","ocean_has_shortcode":"","ocean_shortcode_after_title":"","ocean_shortcode_before_footer_widgets":"","ocean_shortcode_after_footer_widgets":"","ocean_shortcode_before_footer_bottom":"","ocean_shortcode_after_footer_bottom":"","ocean_display_top_bar":"default","ocean_display_header":"default","ocean_header_style":"","ocean_center_header_left_menu":"0","ocean_custom_header_template":"0","ocean_custom_logo":0,"ocean_custom_retina_logo":0,"ocean_custom_logo_max_width":0,"ocean_custom_logo_tablet_max_width":0,"ocean_custom_logo_mobile_max_width":0,"ocean_custom_logo_max_height":0,"ocean_custom_logo_tablet_max_height":0,"ocean_custom_logo_mobile_max_height":0,"ocean_header_custom_menu":"0","ocean_menu_typo_font_family":"0","ocean_menu_typo_font_subset":"","ocean_menu_typo_font_size":0,"ocean_menu_typo_font_size_tablet":0,"ocean_menu_typo_font_size_mobile":0,"ocean_menu_typo_font_size_unit":"px","ocean_menu_typo_font_weight":"","ocean_menu_typo_font_weight_tablet":"","ocean_menu_typo_font_weight_mobile":"","ocean_menu_typo_transform":"","ocean_menu_typo_transform_tablet":"","ocean_menu_typo_transform_mobile":"","ocean_menu_typo_line_height":0,"ocean_menu_typo_line_height_tablet":0,"ocean_menu_typo_line_height_mobile":0,"ocean_menu_typo_line_height_unit":"","ocean_menu_typo_spacing":0,"ocean_menu_typo_spacing_tablet":0,"ocean_menu_typo_spacing_mobile":0,"ocean_menu_typo_spacing_unit":"","ocean_menu_link_color":"","ocean_menu_link_color_hover":"","ocean_menu_link_color_active":"","ocean_menu_link_background":"","ocean_menu_link_hover_background":"","ocean_menu_link_active_background":"","ocean_menu_social_links_bg":"","ocean_menu_social_hover_links_bg":"","ocean_menu_social_links_color":"","ocean_menu_social_hover_links_color":"","ocean_disable_title":"on","ocean_disable_heading":"default","ocean_post_title":"","ocean_post_subheading":"","ocean_post_title_style":"","ocean_post_title_background_color":"","ocean_post_title_background":0,"ocean_post_title_bg_image_position":"","ocean_post_title_bg_image_attachment":"","ocean_post_title_bg_image_repeat":"","ocean_post_title_bg_image_size":"","ocean_post_title_height":0,"ocean_post_title_bg_overlay":0.5,"ocean_post_title_bg_overlay_color":"","ocean_disable_breadcrumbs":"default","ocean_breadcrumbs_color":"","ocean_breadcrumbs_separator_color":"","ocean_breadcrumbs_links_color":"","ocean_breadcrumbs_links_hover_color":"","ocean_display_footer_widgets":"default","ocean_display_footer_bottom":"default","ocean_custom_footer_template":"0","footnotes":""},"class_list":["post-745","page","type-page","status-publish","hentry","entry"],"_links":{"self":[{"href":"https:\/\/resonanz-valley.org\/en\/wp-json\/wp\/v2\/pages\/745","targetHints":{"allow":["GET"]}}],"collection":[{"href":"https:\/\/resonanz-valley.org\/en\/wp-json\/wp\/v2\/pages"}],"about":[{"href":"https:\/\/resonanz-valley.org\/en\/wp-json\/wp\/v2\/types\/page"}],"author":[{"embeddable":true,"href":"https:\/\/resonanz-valley.org\/en\/wp-json\/wp\/v2\/users\/2"}],"replies":[{"embeddable":true,"href":"https:\/\/resonanz-valley.org\/en\/wp-json\/wp\/v2\/comments?post=745"}],"version-history":[{"count":10,"href":"https:\/\/resonanz-valley.org\/en\/wp-json\/wp\/v2\/pages\/745\/revisions"}],"predecessor-version":[{"id":806,"href":"https:\/\/resonanz-valley.org\/en\/wp-json\/wp\/v2\/pages\/745\/revisions\/806"}],"wp:attachment":[{"href":"https:\/\/resonanz-valley.org\/en\/wp-json\/wp\/v2\/media?parent=745"}],"curies":[{"name":"wp","href":"https:\/\/api.w.org\/{rel}","templated":true}]}}